{"id":943,"date":"2019-08-21T18:55:48","date_gmt":"2019-08-21T18:55:48","guid":{"rendered":"http:\/\/conacado.lov.do\/?page_id=943"},"modified":"2024-06-15T03:23:30","modified_gmt":"2024-06-15T03:23:30","slug":"mapa","status":"publish","type":"page","link":"https:\/\/conacado.com.do\/en\/mapa\/","title":{"rendered":"Mapa"},"content":{"rendered":"<div data-elementor-type=\"wp-post\" data-elementor-id=\"943\" class=\"elementor elementor-943\" data-elementor-post-type=\"page\">\n\t\t\t\t<div class=\"elementor-element elementor-element-c51a5d0 e-flex e-con-boxed e-con e-parent\" data-id=\"c51a5d0\" data-element_type=\"container\" data-e-type=\"container\" data-settings=\"{&quot;background_background&quot;:&quot;classic&quot;}\">\n\t\t\t\t\t<div class=\"e-con-inner\">\n\t\t\t\t<div class=\"elementor-element elementor-element-39ab332 elementor-widget elementor-widget-icon-box\" data-id=\"39ab332\" data-element_type=\"widget\" data-e-type=\"widget\" data-widget_type=\"icon-box.default\">\n\t\t\t\t<div class=\"elementor-widget-container\">\n\t\t\t\t\t\t\t<div class=\"elementor-icon-box-wrapper\">\n\n\t\t\t\n\t\t\t\t\t\t<div class=\"elementor-icon-box-content\">\n\n\t\t\t\t\t\t\t\t\t<h1 class=\"elementor-icon-box-title\">\n\t\t\t\t\t\t<span  >\n\t\t\t\t\t\t\tDIGITAL MAP\t\t\t\t\t\t<\/span>\n\t\t\t\t\t<\/h1>\n\t\t\t\t\n\t\t\t\t\n\t\t\t<\/div>\n\t\t\t\n\t\t<\/div>\n\t\t\t\t\t\t<\/div>\n\t\t\t\t<\/div>\n\t\t\t\t\t<\/div>\n\t\t\t\t<\/div>\n\t\t<div class=\"elementor-element elementor-element-9f3e252 e-con-full e-flex e-con e-parent\" data-id=\"9f3e252\" data-element_type=\"container\" data-e-type=\"container\" data-settings=\"{&quot;background_background&quot;:&quot;classic&quot;}\">\n\t\t<div class=\"elementor-element elementor-element-1d83857 e-con-full elementor-hidden-tablet elementor-hidden-mobile e-flex e-con e-child\" data-id=\"1d83857\" data-element_type=\"container\" data-e-type=\"container\" data-settings=\"{&quot;background_background&quot;:&quot;classic&quot;}\">\n\t\t\t\t<\/div>\n\t\t<div class=\"elementor-element elementor-element-5d4e65c e-con-full e-flex e-con e-child\" data-id=\"5d4e65c\" data-element_type=\"container\" data-e-type=\"container\">\n\t\t\t\t<div class=\"elementor-element elementor-element-402975e elementor-widget elementor-widget-heading\" data-id=\"402975e\" data-element_type=\"widget\" data-e-type=\"widget\" data-widget_type=\"heading.default\">\n\t\t\t\t<div class=\"elementor-widget-container\">\n\t\t\t\t\t<h2 class=\"elementor-heading-title elementor-size-default\">Choose the area you want to see <\/h2>\t\t\t\t<\/div>\n\t\t\t\t<\/div>\n\t\t\t\t<div class=\"elementor-element elementor-element-8c40412 animated-slow elementor-invisible elementor-widget elementor-widget-text-editor\" data-id=\"8c40412\" data-element_type=\"widget\" data-e-type=\"widget\" data-settings=\"{&quot;_animation&quot;:&quot;fadeInDown&quot;}\" data-widget_type=\"text-editor.default\">\n\t\t\t\t<div class=\"elementor-widget-container\">\n\t\t\t\t\t\t\t\t\t<p>It allows to know the sensory characteristics of Dominican organic cocoa according to the genetic group, type of predominant crops and geo-climatic conditions, grown by affiliated partners in CONACADO branches<\/p>\t\t\t\t\t\t\t\t<\/div>\n\t\t\t\t<\/div>\n\t\t\t\t<\/div>\n\t\t<div class=\"elementor-element elementor-element-c795c9e e-con-full elementor-hidden-tablet elementor-hidden-mobile e-flex e-con e-child\" data-id=\"c795c9e\" data-element_type=\"container\" data-e-type=\"container\" data-settings=\"{&quot;background_background&quot;:&quot;classic&quot;}\">\n\t\t\t\t<\/div>\n\t\t\t\t<\/div>\n\t\t\t\t<\/div>","protected":false},"excerpt":{"rendered":"<p>Mapa DIGITAL Elige la zona que deseas ver Permite conocer las caracter\u00edsticas sensoriales del cacao org\u00e1nico Dominicano acorde al grupo gen\u00e9tico, tipo de cultivos predominantes y las condiciones geo clim\u00e1ticas, cultivado por socios afiliados en las sucursales de CONACADO<\/p>","protected":false},"author":1,"featured_media":0,"parent":0,"menu_order":0,"comment_status":"closed","ping_status":"closed","template":"","meta":{"site-sidebar-layout":"no-sidebar","site-content-layout":"page-builder","ast-site-content-layout":"","site-content-style":"default","site-sidebar-style":"default","ast-global-header-display":"","ast-banner-title-visibility":"","ast-main-header-display":"","ast-hfb-above-header-display":"","ast-hfb-below-header-display":"","ast-hfb-mobile-header-display":"","site-post-title":"disabled","ast-breadcrumbs-content":"","ast-featured-img":"disabled","footer-sml-layout":"","theme-transparent-header-meta":"enabled","adv-header-id-meta":"","stick-header-meta":"default","header-above-stick-meta":"","header-main-stick-meta":"","header-below-stick-meta":"","astra-migrate-meta-layouts":"default","ast-page-background-enabled":"default","ast-page-background-meta":{"desktop":{"background-color":"var(--ast-global-color-4)","background-image":"","background-repeat":"repeat","background-position":"center center","background-size":"auto","background-attachment":"scroll","background-type":"","background-media":"","overlay-type":"","overlay-color":"","overlay-gradient":""},"tablet":{"background-color":"","background-image":"","background-repeat":"repeat","background-position":"center center","background-size":"auto","background-attachment":"scroll","background-type":"","background-media":"","overlay-type":"","overlay-color":"","overlay-gradient":""},"mobile":{"background-color":"","background-image":"","background-repeat":"repeat","background-position":"center center","background-size":"auto","background-attachment":"scroll","background-type":"","background-media":"","overlay-type":"","overlay-color":"","overlay-gradient":""}},"ast-content-background-meta":{"desktop":{"background-color":"var(--ast-global-color-5)","background-image":"","background-repeat":"repeat","background-position":"center center","background-size":"auto","background-attachment":"scroll","background-type":"","background-media":"","overlay-type":"","overlay-color":"","overlay-gradient":""},"tablet":{"background-color":"var(--ast-global-color-5)","background-image":"","background-repeat":"repeat","background-position":"center center","background-size":"auto","background-attachment":"scroll","background-type":"","background-media":"","overlay-type":"","overlay-color":"","overlay-gradient":""},"mobile":{"background-color":"var(--ast-global-color-5)","background-image":"","background-repeat":"repeat","background-position":"center center","background-size":"auto","background-attachment":"scroll","background-type":"","background-media":"","overlay-type":"","overlay-color":"","overlay-gradient":""}},"footnotes":""},"class_list":["post-943","page","type-page","status-publish","hentry"],"yoast_head":"<!-- This site is optimized with the Yoast SEO plugin v22.6 - https:\/\/yoast.com\/wordpress\/plugins\/seo\/ -->\n<title>Mapa - CONACADO<\/title>\n<meta name=\"robots\" content=\"index, follow, max-snippet:-1, max-image-preview:large, max-video-preview:-1\" \/>\n<link rel=\"canonical\" href=\"https:\/\/conacado.com.do\/en\/mapa\/\" \/>\n<meta property=\"og:locale\" content=\"en_US\" \/>\n<meta property=\"og:type\" content=\"article\" \/>\n<meta property=\"og:title\" content=\"Mapa - CONACADO\" \/>\n<meta property=\"og:description\" content=\"Mapa DIGITAL Elige la zona que deseas ver Permite conocer las caracter\u00edsticas sensoriales del cacao org\u00e1nico Dominicano acorde al grupo gen\u00e9tico, tipo de cultivos predominantes y las condiciones geo clim\u00e1ticas, cultivado por socios afiliados en las sucursales de CONACADO\" \/>\n<meta property=\"og:url\" content=\"https:\/\/conacado.com.do\/en\/mapa\/\" \/>\n<meta property=\"og:site_name\" content=\"CONACADO\" \/>\n<meta property=\"article:modified_time\" content=\"2024-06-15T03:23:30+00:00\" \/>\n<meta name=\"twitter:card\" content=\"summary_large_image\" \/>\n<meta name=\"twitter:label1\" content=\"Est. reading time\" \/>\n\t<meta name=\"twitter:data1\" content=\"1 minute\" \/>\n<script type=\"application\/ld+json\" class=\"yoast-schema-graph\">{\"@context\":\"https:\/\/schema.org\",\"@graph\":[{\"@type\":\"WebPage\",\"@id\":\"https:\/\/conacado.com.do\/mapa\/\",\"url\":\"https:\/\/conacado.com.do\/mapa\/\",\"name\":\"Mapa - CONACADO\",\"isPartOf\":{\"@id\":\"https:\/\/conacado.com.do\/#website\"},\"datePublished\":\"2019-08-21T18:55:48+00:00\",\"dateModified\":\"2024-06-15T03:23:30+00:00\",\"breadcrumb\":{\"@id\":\"https:\/\/conacado.com.do\/mapa\/#breadcrumb\"},\"inLanguage\":\"en-US\",\"potentialAction\":[{\"@type\":\"ReadAction\",\"target\":[\"https:\/\/conacado.com.do\/mapa\/\"]}]},{\"@type\":\"BreadcrumbList\",\"@id\":\"https:\/\/conacado.com.do\/mapa\/#breadcrumb\",\"itemListElement\":[{\"@type\":\"ListItem\",\"position\":1,\"name\":\"Portada\",\"item\":\"https:\/\/conacado.com.do\/\"},{\"@type\":\"ListItem\",\"position\":2,\"name\":\"Mapa\"}]},{\"@type\":\"WebSite\",\"@id\":\"https:\/\/conacado.com.do\/#website\",\"url\":\"https:\/\/conacado.com.do\/\",\"name\":\"CONACADO\",\"description\":\"Conacado\",\"publisher\":{\"@id\":\"https:\/\/conacado.com.do\/#organization\"},\"potentialAction\":[{\"@type\":\"SearchAction\",\"target\":{\"@type\":\"EntryPoint\",\"urlTemplate\":\"https:\/\/conacado.com.do\/?s={search_term_string}\"},\"query-input\":\"required name=search_term_string\"}],\"inLanguage\":\"en-US\"},{\"@type\":\"Organization\",\"@id\":\"https:\/\/conacado.com.do\/#organization\",\"name\":\"CONACADO\",\"url\":\"https:\/\/conacado.com.do\/\",\"logo\":{\"@type\":\"ImageObject\",\"inLanguage\":\"en-US\",\"@id\":\"https:\/\/conacado.com.do\/#\/schema\/logo\/image\/\",\"url\":\"https:\/\/conacado.com.do\/wp-content\/uploads\/2019\/08\/Logo-Conacado-1.png\",\"contentUrl\":\"https:\/\/conacado.com.do\/wp-content\/uploads\/2019\/08\/Logo-Conacado-1.png\",\"width\":278,\"height\":283,\"caption\":\"CONACADO\"},\"image\":{\"@id\":\"https:\/\/conacado.com.do\/#\/schema\/logo\/image\/\"}}]}<\/script>\n<!-- \/ Yoast SEO plugin. -->","yoast_head_json":{"title":"Mapa - CONACADO","robots":{"index":"index","follow":"follow","max-snippet":"max-snippet:-1","max-image-preview":"max-image-preview:large","max-video-preview":"max-video-preview:-1"},"canonical":"https:\/\/conacado.com.do\/en\/mapa\/","og_locale":"en_US","og_type":"article","og_title":"Mapa - CONACADO","og_description":"Mapa DIGITAL Elige la zona que deseas ver Permite conocer las caracter\u00edsticas sensoriales del cacao org\u00e1nico Dominicano acorde al grupo gen\u00e9tico, tipo de cultivos predominantes y las condiciones geo clim\u00e1ticas, cultivado por socios afiliados en las sucursales de CONACADO","og_url":"https:\/\/conacado.com.do\/en\/mapa\/","og_site_name":"CONACADO","article_modified_time":"2024-06-15T03:23:30+00:00","twitter_card":"summary_large_image","twitter_misc":{"Est. reading time":"1 minute"},"schema":{"@context":"https:\/\/schema.org","@graph":[{"@type":"WebPage","@id":"https:\/\/conacado.com.do\/mapa\/","url":"https:\/\/conacado.com.do\/mapa\/","name":"Mapa - CONACADO","isPartOf":{"@id":"https:\/\/conacado.com.do\/#website"},"datePublished":"2019-08-21T18:55:48+00:00","dateModified":"2024-06-15T03:23:30+00:00","breadcrumb":{"@id":"https:\/\/conacado.com.do\/mapa\/#breadcrumb"},"inLanguage":"en-US","potentialAction":[{"@type":"ReadAction","target":["https:\/\/conacado.com.do\/mapa\/"]}]},{"@type":"BreadcrumbList","@id":"https:\/\/conacado.com.do\/mapa\/#breadcrumb","itemListElement":[{"@type":"ListItem","position":1,"name":"Portada","item":"https:\/\/conacado.com.do\/"},{"@type":"ListItem","position":2,"name":"Mapa"}]},{"@type":"WebSite","@id":"https:\/\/conacado.com.do\/#website","url":"https:\/\/conacado.com.do\/","name":"CONACADO","description":"Conacado","publisher":{"@id":"https:\/\/conacado.com.do\/#organization"},"potentialAction":[{"@type":"SearchAction","target":{"@type":"EntryPoint","urlTemplate":"https:\/\/conacado.com.do\/?s={search_term_string}"},"query-input":"required name=search_term_string"}],"inLanguage":"en-US"},{"@type":"Organization","@id":"https:\/\/conacado.com.do\/#organization","name":"CONACADO","url":"https:\/\/conacado.com.do\/","logo":{"@type":"ImageObject","inLanguage":"en-US","@id":"https:\/\/conacado.com.do\/#\/schema\/logo\/image\/","url":"https:\/\/conacado.com.do\/wp-content\/uploads\/2019\/08\/Logo-Conacado-1.png","contentUrl":"https:\/\/conacado.com.do\/wp-content\/uploads\/2019\/08\/Logo-Conacado-1.png","width":278,"height":283,"caption":"CONACADO"},"image":{"@id":"https:\/\/conacado.com.do\/#\/schema\/logo\/image\/"}}]}},"_links":{"self":[{"href":"https:\/\/conacado.com.do\/en\/wp-json\/wp\/v2\/pages\/943"}],"collection":[{"href":"https:\/\/conacado.com.do\/en\/wp-json\/wp\/v2\/pages"}],"about":[{"href":"https:\/\/conacado.com.do\/en\/wp-json\/wp\/v2\/types\/page"}],"author":[{"embeddable":true,"href":"https:\/\/conacado.com.do\/en\/wp-json\/wp\/v2\/users\/1"}],"replies":[{"embeddable":true,"href":"https:\/\/conacado.com.do\/en\/wp-json\/wp\/v2\/comments?post=943"}],"version-history":[{"count":21,"href":"https:\/\/conacado.com.do\/en\/wp-json\/wp\/v2\/pages\/943\/revisions"}],"predecessor-version":[{"id":4587,"href":"https:\/\/conacado.com.do\/en\/wp-json\/wp\/v2\/pages\/943\/revisions\/4587"}],"wp:attachment":[{"href":"https:\/\/conacado.com.do\/en\/wp-json\/wp\/v2\/media?parent=943"}],"curies":[{"name":"wp","href":"https:\/\/api.w.org\/{rel}","templated":true}]}}