{"id":1734,"date":"2020-01-17T13:26:42","date_gmt":"2020-01-17T13:26:42","guid":{"rendered":"http:\/\/conacado.lov.do\/?page_id=1734"},"modified":"2020-11-02T20:32:00","modified_gmt":"2020-11-02T20:32:00","slug":"agroindustrial","status":"publish","type":"page","link":"https:\/\/conacado.com.do\/en\/agroindustrial\/","title":{"rendered":"Agro-industrial"},"content":{"rendered":"<div data-elementor-type=\"wp-post\" data-elementor-id=\"1734\" class=\"elementor elementor-1734\" data-elementor-post-type=\"page\">\n\t\t\t\t\t\t<section class=\"elementor-section elementor-top-section elementor-element elementor-element-7ac9ca5 elementor-section-boxed elementor-section-height-default elementor-section-height-default\" data-id=\"7ac9ca5\" data-element_type=\"section\" data-e-type=\"section\" data-settings=\"{&quot;background_background&quot;:&quot;classic&quot;}\">\n\t\t\t\t\t\t\t<div class=\"elementor-background-overlay\"><\/div>\n\t\t\t\t\t\t\t<div class=\"elementor-container elementor-column-gap-default\">\n\t\t\t\t\t<div class=\"elementor-column elementor-col-33 elementor-top-column elementor-element elementor-element-fc40e94\" data-id=\"fc40e94\" data-element_type=\"column\" data-e-type=\"column\">\n\t\t\t<div class=\"elementor-widget-wrap\">\n\t\t\t\t\t\t\t<\/div>\n\t\t<\/div>\n\t\t\t\t<div class=\"elementor-column elementor-col-33 elementor-top-column elementor-element elementor-element-90988fe\" data-id=\"90988fe\" data-element_type=\"column\" data-e-type=\"column\">\n\t\t\t<div class=\"elementor-widget-wrap elementor-element-populated\">\n\t\t\t\t\t\t<div class=\"elementor-element elementor-element-11e7ef0 elementor-widget elementor-widget-icon-box\" data-id=\"11e7ef0\" data-element_type=\"widget\" data-e-type=\"widget\" data-widget_type=\"icon-box.default\">\n\t\t\t\t<div class=\"elementor-widget-container\">\n\t\t\t\t\t\t\t<div class=\"elementor-icon-box-wrapper\">\n\n\t\t\t\n\t\t\t\t\t\t<div class=\"elementor-icon-box-content\">\n\n\t\t\t\t\t\t\t\t\t<h1 class=\"elementor-icon-box-title\">\n\t\t\t\t\t\t<span  >\n\t\t\t\t\t\t\tAgro-industrial\t\t\t\t\t\t<\/span>\n\t\t\t\t\t<\/h1>\n\t\t\t\t\n\t\t\t\t\n\t\t\t<\/div>\n\t\t\t\n\t\t<\/div>\n\t\t\t\t\t\t<\/div>\n\t\t\t\t<\/div>\n\t\t\t\t\t<\/div>\n\t\t<\/div>\n\t\t\t\t<div class=\"elementor-column elementor-col-33 elementor-top-column elementor-element elementor-element-919f5c1\" data-id=\"919f5c1\" data-element_type=\"column\" data-e-type=\"column\">\n\t\t\t<div class=\"elementor-widget-wrap\">\n\t\t\t\t\t\t\t<\/div>\n\t\t<\/div>\n\t\t\t\t\t<\/div>\n\t\t<\/section>\n\t\t\t\t<section class=\"elementor-section elementor-top-section elementor-element elementor-element-cfc4900 elementor-section-boxed elementor-section-height-default elementor-section-height-default\" data-id=\"cfc4900\" data-element_type=\"section\" data-e-type=\"section\">\n\t\t\t\t\t\t<div class=\"elementor-container elementor-column-gap-default\">\n\t\t\t\t\t<div class=\"elementor-column elementor-col-100 elementor-top-column elementor-element elementor-element-44be4bf\" data-id=\"44be4bf\" data-element_type=\"column\" data-e-type=\"column\">\n\t\t\t<div class=\"elementor-widget-wrap elementor-element-populated\">\n\t\t\t\t\t\t<div class=\"elementor-element elementor-element-cc9c217 elementor-widget elementor-widget-spacer\" data-id=\"cc9c217\" data-element_type=\"widget\" data-e-type=\"widget\" data-widget_type=\"spacer.default\">\n\t\t\t\t<div class=\"elementor-widget-container\">\n\t\t\t\t\t\t\t<div class=\"elementor-spacer\">\n\t\t\t<div class=\"elementor-spacer-inner\"><\/div>\n\t\t<\/div>\n\t\t\t\t\t\t<\/div>\n\t\t\t\t<\/div>\n\t\t\t\t\t<\/div>\n\t\t<\/div>\n\t\t\t\t\t<\/div>\n\t\t<\/section>\n\t\t\t\t<section class=\"elementor-section elementor-top-section elementor-element elementor-element-66f2195b elementor-section-full_width elementor-section-height-min-height elementor-section-items-stretch elementor-section-content-middle elementor-section-height-default\" data-id=\"66f2195b\" data-element_type=\"section\" data-e-type=\"section\" data-settings=\"{&quot;background_background&quot;:&quot;none&quot;}\">\n\t\t\t\t\t\t<div class=\"elementor-container elementor-column-gap-no\">\n\t\t\t\t\t<div class=\"elementor-column elementor-col-50 elementor-top-column elementor-element elementor-element-7e2564a6\" data-id=\"7e2564a6\" data-element_type=\"column\" data-e-type=\"column\" data-settings=\"{&quot;background_background&quot;:&quot;classic&quot;}\">\n\t\t\t<div class=\"elementor-widget-wrap elementor-element-populated\">\n\t\t\t\t\t\t<div class=\"elementor-element elementor-element-145b1e2d elementor-position-left elementor-vertical-align-middle animated-slow elementor-invisible elementor-widget elementor-widget-image-box\" data-id=\"145b1e2d\" data-element_type=\"widget\" data-e-type=\"widget\" data-settings=\"{&quot;_animation&quot;:&quot;fadeInRight&quot;}\" data-widget_type=\"image-box.default\">\n\t\t\t\t<div class=\"elementor-widget-container\">\n\t\t\t\t\t<div class=\"elementor-image-box-wrapper\"><figure class=\"elementor-image-box-img\"><img fetchpriority=\"high\" decoding=\"async\" width=\"3992\" height=\"2242\" src=\"https:\/\/conacado.com.do\/wp-content\/uploads\/2020\/01\/Planta-Conacado-Full-min.png\" class=\"attachment-full size-full wp-image-1893\" alt=\"\" srcset=\"https:\/\/conacado.com.do\/wp-content\/uploads\/2020\/01\/Planta-Conacado-Full-min.png 3992w, https:\/\/conacado.com.do\/wp-content\/uploads\/2020\/01\/Planta-Conacado-Full-min-300x168.png 300w, https:\/\/conacado.com.do\/wp-content\/uploads\/2020\/01\/Planta-Conacado-Full-min-1024x575.png 1024w, https:\/\/conacado.com.do\/wp-content\/uploads\/2020\/01\/Planta-Conacado-Full-min-768x431.png 768w, https:\/\/conacado.com.do\/wp-content\/uploads\/2020\/01\/Planta-Conacado-Full-min-1536x863.png 1536w, https:\/\/conacado.com.do\/wp-content\/uploads\/2020\/01\/Planta-Conacado-Full-min-2048x1150.png 2048w\" sizes=\"(max-width: 3992px) 100vw, 3992px\" \/><\/figure><div class=\"elementor-image-box-content\"><h3 class=\"elementor-image-box-title\">AGROINDUSTRIAL COUNTY<\/h3><p class=\"elementor-image-box-description\">It is responsible for collecting, processing, transforming, marketing or exporting the cocoa of our affiliated producers in the NGO.\nFor the achievement of the collection and post-harvest management we have centers in: Y\u00e1masa, Don Juan, Villa Altagracia, Hato Mayor, El Seibo, Miches, Bonao, Tocoa, Maim\u00f3n; Gaspar Hern\u00e1ndez, Cotu\u00ed, Castillo and Nagua. Also a processing plant in San Francisco de Macor\u00eds.\n<\/p><\/div><\/div>\t\t\t\t<\/div>\n\t\t\t\t<\/div>\n\t\t\t\t\t<\/div>\n\t\t<\/div>\n\t\t\t\t<div class=\"elementor-column elementor-col-50 elementor-top-column elementor-element elementor-element-203a0a2c\" data-id=\"203a0a2c\" data-element_type=\"column\" data-e-type=\"column\" data-settings=\"{&quot;background_background&quot;:&quot;none&quot;}\">\n\t\t\t<div class=\"elementor-widget-wrap\">\n\t\t\t\t\t\t\t<\/div>\n\t\t<\/div>\n\t\t\t\t\t<\/div>\n\t\t<\/section>\n\t\t\t\t<section class=\"elementor-section elementor-top-section elementor-element elementor-element-82dc812 elementor-section-boxed elementor-section-height-default elementor-section-height-default\" data-id=\"82dc812\" data-element_type=\"section\" data-e-type=\"section\">\n\t\t\t\t\t\t<div class=\"elementor-container elementor-column-gap-default\">\n\t\t\t\t\t<div class=\"elementor-column elementor-col-100 elementor-top-column elementor-element elementor-element-521f9e4\" data-id=\"521f9e4\" data-element_type=\"column\" data-e-type=\"column\">\n\t\t\t<div class=\"elementor-widget-wrap elementor-element-populated\">\n\t\t\t\t\t\t<div class=\"elementor-element elementor-element-9f86549 elementor-invisible elementor-widget elementor-widget-image\" data-id=\"9f86549\" data-element_type=\"widget\" data-e-type=\"widget\" data-settings=\"{&quot;_animation&quot;:&quot;slideInUp&quot;}\" data-widget_type=\"image.default\">\n\t\t\t\t<div class=\"elementor-widget-container\">\n\t\t\t\t\t\t\t\t\t\t\t\t\t\t\t\t<a href=\"https:\/\/conacado.com.do\/wp-content\/uploads\/2020\/01\/GRAF.png\" data-elementor-open-lightbox=\"yes\" data-elementor-lightbox-title=\"GRAF\" data-e-action-hash=\"#elementor-action%3Aaction%3Dlightbox%26settings%3DeyJpZCI6MTkyNSwidXJsIjoiaHR0cHM6XC9cL2NvbmFjYWRvLmNvbS5kb1wvd3AtY29udGVudFwvdXBsb2Fkc1wvMjAyMFwvMDFcL0dSQUYucG5nIn0%3D\">\n\t\t\t\t\t\t\t<img decoding=\"async\" width=\"986\" height=\"694\" src=\"https:\/\/conacado.com.do\/wp-content\/uploads\/2020\/01\/GRAF.png\" class=\"attachment-large size-large wp-image-1925\" alt=\"\" srcset=\"https:\/\/conacado.com.do\/wp-content\/uploads\/2020\/01\/GRAF.png 986w, https:\/\/conacado.com.do\/wp-content\/uploads\/2020\/01\/GRAF-300x211.png 300w, https:\/\/conacado.com.do\/wp-content\/uploads\/2020\/01\/GRAF-768x541.png 768w\" sizes=\"(max-width: 986px) 100vw, 986px\" \/>\t\t\t\t\t\t\t\t<\/a>\n\t\t\t\t\t\t\t\t\t\t\t\t\t\t\t<\/div>\n\t\t\t\t<\/div>\n\t\t\t\t\t<\/div>\n\t\t<\/div>\n\t\t\t\t\t<\/div>\n\t\t<\/section>\n\t\t\t\t<section class=\"elementor-section elementor-top-section elementor-element elementor-element-0f8372a elementor-section-boxed elementor-section-height-default elementor-section-height-default\" data-id=\"0f8372a\" data-element_type=\"section\" data-e-type=\"section\">\n\t\t\t\t\t\t<div class=\"elementor-container elementor-column-gap-default\">\n\t\t\t\t\t<div class=\"elementor-column elementor-col-100 elementor-top-column elementor-element elementor-element-ad608ad\" data-id=\"ad608ad\" data-element_type=\"column\" data-e-type=\"column\">\n\t\t\t<div class=\"elementor-widget-wrap elementor-element-populated\">\n\t\t\t\t\t\t<div class=\"elementor-element elementor-element-4f2d53d elementor-widget elementor-widget-spacer\" data-id=\"4f2d53d\" data-element_type=\"widget\" data-e-type=\"widget\" data-widget_type=\"spacer.default\">\n\t\t\t\t<div class=\"elementor-widget-container\">\n\t\t\t\t\t\t\t<div class=\"elementor-spacer\">\n\t\t\t<div class=\"elementor-spacer-inner\"><\/div>\n\t\t<\/div>\n\t\t\t\t\t\t<\/div>\n\t\t\t\t<\/div>\n\t\t\t\t\t<\/div>\n\t\t<\/div>\n\t\t\t\t\t<\/div>\n\t\t<\/section>\n\t\t\t\t<\/div>","protected":false},"excerpt":{"rendered":"<p>Agroindustrial CONACADO AGROINDUSTRIAL Se encarga de acopiar, procesar, transformar, comercializar o exportar el cacao de nuestros productores afiliados en la ONG. Para el logro del acopio y el manejo pos-cosecha tenemos centros en: Y\u00e1masa, Don Juan, Villa Altagracia, Hato Mayor, El Seibo, Miches, Bonao, Tocoa, Maim\u00f3n; Gaspar Hern\u00e1ndez, Cotu\u00ed, Castillo y Nagua. Tambi\u00e9n una planta [&hellip;]<\/p>","protected":false},"author":1,"featured_media":0,"parent":0,"menu_order":0,"comment_status":"closed","ping_status":"closed","template":"","meta":{"site-sidebar-layout":"no-sidebar","site-content-layout":"page-builder","ast-site-content-layout":"","site-content-style":"default","site-sidebar-style":"default","ast-global-header-display":"","ast-banner-title-visibility":"","ast-main-header-display":"","ast-hfb-above-header-display":"","ast-hfb-below-header-display":"","ast-hfb-mobile-header-display":"","site-post-title":"disabled","ast-breadcrumbs-content":"","ast-featured-img":"disabled","footer-sml-layout":"","theme-transparent-header-meta":"enabled","adv-header-id-meta":"","stick-header-meta":"default","header-above-stick-meta":"","header-main-stick-meta":"","header-below-stick-meta":"","astra-migrate-meta-layouts":"default","ast-page-background-enabled":"default","ast-page-background-meta":{"desktop":{"background-color":"var(--ast-global-color-4)","background-image":"","background-repeat":"repeat","background-position":"center center","background-size":"auto","background-attachment":"scroll","background-type":"","background-media":"","overlay-type":"","overlay-color":"","overlay-gradient":""},"tablet":{"background-color":"","background-image":"","background-repeat":"repeat","background-position":"center center","background-size":"auto","background-attachment":"scroll","background-type":"","background-media":"","overlay-type":"","overlay-color":"","overlay-gradient":""},"mobile":{"background-color":"","background-image":"","background-repeat":"repeat","background-position":"center center","background-size":"auto","background-attachment":"scroll","background-type":"","background-media":"","overlay-type":"","overlay-color":"","overlay-gradient":""}},"ast-content-background-meta":{"desktop":{"background-color":"var(--ast-global-color-5)","background-image":"","background-repeat":"repeat","background-position":"center center","background-size":"auto","background-attachment":"scroll","background-type":"","background-media":"","overlay-type":"","overlay-color":"","overlay-gradient":""},"tablet":{"background-color":"var(--ast-global-color-5)","background-image":"","background-repeat":"repeat","background-position":"center center","background-size":"auto","background-attachment":"scroll","background-type":"","background-media":"","overlay-type":"","overlay-color":"","overlay-gradient":""},"mobile":{"background-color":"var(--ast-global-color-5)","background-image":"","background-repeat":"repeat","background-position":"center center","background-size":"auto","background-attachment":"scroll","background-type":"","background-media":"","overlay-type":"","overlay-color":"","overlay-gradient":""}},"footnotes":""},"class_list":["post-1734","page","type-page","status-publish","hentry"],"yoast_head":"<!-- This site is optimized with the Yoast SEO plugin v22.6 - https:\/\/yoast.com\/wordpress\/plugins\/seo\/ -->\n<title>Agroindustrial - CONACADO<\/title>\n<meta name=\"robots\" content=\"index, follow, max-snippet:-1, max-image-preview:large, max-video-preview:-1\" \/>\n<link rel=\"canonical\" href=\"https:\/\/conacado.com.do\/en\/agroindustrial\/\" \/>\n<meta property=\"og:locale\" content=\"en_US\" \/>\n<meta property=\"og:type\" content=\"article\" \/>\n<meta property=\"og:title\" content=\"Agroindustrial - CONACADO\" \/>\n<meta property=\"og:description\" content=\"Agroindustrial CONACADO AGROINDUSTRIAL Se encarga de acopiar, procesar, transformar, comercializar o exportar el cacao de nuestros productores afiliados en la ONG. Para el logro del acopio y el manejo pos-cosecha tenemos centros en: Y\u00e1masa, Don Juan, Villa Altagracia, Hato Mayor, El Seibo, Miches, Bonao, Tocoa, Maim\u00f3n; Gaspar Hern\u00e1ndez, Cotu\u00ed, Castillo y Nagua. Tambi\u00e9n una planta [&hellip;]\" \/>\n<meta property=\"og:url\" content=\"https:\/\/conacado.com.do\/en\/agroindustrial\/\" \/>\n<meta property=\"og:site_name\" content=\"CONACADO\" \/>\n<meta property=\"article:modified_time\" content=\"2020-11-02T20:32:00+00:00\" \/>\n<meta property=\"og:image\" content=\"https:\/\/conacado.com.do\/wp-content\/uploads\/2020\/01\/Planta-Conacado-Full-min.png\" \/>\n<meta name=\"twitter:card\" content=\"summary_large_image\" \/>\n<script type=\"application\/ld+json\" class=\"yoast-schema-graph\">{\"@context\":\"https:\/\/schema.org\",\"@graph\":[{\"@type\":\"WebPage\",\"@id\":\"https:\/\/conacado.com.do\/agroindustrial\/\",\"url\":\"https:\/\/conacado.com.do\/agroindustrial\/\",\"name\":\"Agroindustrial - CONACADO\",\"isPartOf\":{\"@id\":\"https:\/\/conacado.com.do\/#website\"},\"primaryImageOfPage\":{\"@id\":\"https:\/\/conacado.com.do\/agroindustrial\/#primaryimage\"},\"image\":{\"@id\":\"https:\/\/conacado.com.do\/agroindustrial\/#primaryimage\"},\"thumbnailUrl\":\"https:\/\/conacado.com.do\/wp-content\/uploads\/2020\/01\/Planta-Conacado-Full-min.png\",\"datePublished\":\"2020-01-17T13:26:42+00:00\",\"dateModified\":\"2020-11-02T20:32:00+00:00\",\"breadcrumb\":{\"@id\":\"https:\/\/conacado.com.do\/agroindustrial\/#breadcrumb\"},\"inLanguage\":\"en-US\",\"potentialAction\":[{\"@type\":\"ReadAction\",\"target\":[\"https:\/\/conacado.com.do\/agroindustrial\/\"]}]},{\"@type\":\"ImageObject\",\"inLanguage\":\"en-US\",\"@id\":\"https:\/\/conacado.com.do\/agroindustrial\/#primaryimage\",\"url\":\"https:\/\/conacado.com.do\/wp-content\/uploads\/2020\/01\/Planta-Conacado-Full-min.png\",\"contentUrl\":\"https:\/\/conacado.com.do\/wp-content\/uploads\/2020\/01\/Planta-Conacado-Full-min.png\"},{\"@type\":\"BreadcrumbList\",\"@id\":\"https:\/\/conacado.com.do\/agroindustrial\/#breadcrumb\",\"itemListElement\":[{\"@type\":\"ListItem\",\"position\":1,\"name\":\"Portada\",\"item\":\"https:\/\/conacado.com.do\/\"},{\"@type\":\"ListItem\",\"position\":2,\"name\":\"Agroindustrial\"}]},{\"@type\":\"WebSite\",\"@id\":\"https:\/\/conacado.com.do\/#website\",\"url\":\"https:\/\/conacado.com.do\/\",\"name\":\"CONACADO\",\"description\":\"Conacado\",\"publisher\":{\"@id\":\"https:\/\/conacado.com.do\/#organization\"},\"potentialAction\":[{\"@type\":\"SearchAction\",\"target\":{\"@type\":\"EntryPoint\",\"urlTemplate\":\"https:\/\/conacado.com.do\/?s={search_term_string}\"},\"query-input\":\"required name=search_term_string\"}],\"inLanguage\":\"en-US\"},{\"@type\":\"Organization\",\"@id\":\"https:\/\/conacado.com.do\/#organization\",\"name\":\"CONACADO\",\"url\":\"https:\/\/conacado.com.do\/\",\"logo\":{\"@type\":\"ImageObject\",\"inLanguage\":\"en-US\",\"@id\":\"https:\/\/conacado.com.do\/#\/schema\/logo\/image\/\",\"url\":\"https:\/\/conacado.com.do\/wp-content\/uploads\/2019\/08\/Logo-Conacado-1.png\",\"contentUrl\":\"https:\/\/conacado.com.do\/wp-content\/uploads\/2019\/08\/Logo-Conacado-1.png\",\"width\":278,\"height\":283,\"caption\":\"CONACADO\"},\"image\":{\"@id\":\"https:\/\/conacado.com.do\/#\/schema\/logo\/image\/\"}}]}<\/script>\n<!-- \/ Yoast SEO plugin. -->","yoast_head_json":{"title":"Agroindustrial - CONACADO","robots":{"index":"index","follow":"follow","max-snippet":"max-snippet:-1","max-image-preview":"max-image-preview:large","max-video-preview":"max-video-preview:-1"},"canonical":"https:\/\/conacado.com.do\/en\/agroindustrial\/","og_locale":"en_US","og_type":"article","og_title":"Agroindustrial - CONACADO","og_description":"Agroindustrial CONACADO AGROINDUSTRIAL Se encarga de acopiar, procesar, transformar, comercializar o exportar el cacao de nuestros productores afiliados en la ONG. Para el logro del acopio y el manejo pos-cosecha tenemos centros en: Y\u00e1masa, Don Juan, Villa Altagracia, Hato Mayor, El Seibo, Miches, Bonao, Tocoa, Maim\u00f3n; Gaspar Hern\u00e1ndez, Cotu\u00ed, Castillo y Nagua. Tambi\u00e9n una planta [&hellip;]","og_url":"https:\/\/conacado.com.do\/en\/agroindustrial\/","og_site_name":"CONACADO","article_modified_time":"2020-11-02T20:32:00+00:00","og_image":[{"url":"https:\/\/conacado.com.do\/wp-content\/uploads\/2020\/01\/Planta-Conacado-Full-min.png"}],"twitter_card":"summary_large_image","schema":{"@context":"https:\/\/schema.org","@graph":[{"@type":"WebPage","@id":"https:\/\/conacado.com.do\/agroindustrial\/","url":"https:\/\/conacado.com.do\/agroindustrial\/","name":"Agroindustrial - CONACADO","isPartOf":{"@id":"https:\/\/conacado.com.do\/#website"},"primaryImageOfPage":{"@id":"https:\/\/conacado.com.do\/agroindustrial\/#primaryimage"},"image":{"@id":"https:\/\/conacado.com.do\/agroindustrial\/#primaryimage"},"thumbnailUrl":"https:\/\/conacado.com.do\/wp-content\/uploads\/2020\/01\/Planta-Conacado-Full-min.png","datePublished":"2020-01-17T13:26:42+00:00","dateModified":"2020-11-02T20:32:00+00:00","breadcrumb":{"@id":"https:\/\/conacado.com.do\/agroindustrial\/#breadcrumb"},"inLanguage":"en-US","potentialAction":[{"@type":"ReadAction","target":["https:\/\/conacado.com.do\/agroindustrial\/"]}]},{"@type":"ImageObject","inLanguage":"en-US","@id":"https:\/\/conacado.com.do\/agroindustrial\/#primaryimage","url":"https:\/\/conacado.com.do\/wp-content\/uploads\/2020\/01\/Planta-Conacado-Full-min.png","contentUrl":"https:\/\/conacado.com.do\/wp-content\/uploads\/2020\/01\/Planta-Conacado-Full-min.png"},{"@type":"BreadcrumbList","@id":"https:\/\/conacado.com.do\/agroindustrial\/#breadcrumb","itemListElement":[{"@type":"ListItem","position":1,"name":"Portada","item":"https:\/\/conacado.com.do\/"},{"@type":"ListItem","position":2,"name":"Agroindustrial"}]},{"@type":"WebSite","@id":"https:\/\/conacado.com.do\/#website","url":"https:\/\/conacado.com.do\/","name":"CONACADO","description":"Conacado","publisher":{"@id":"https:\/\/conacado.com.do\/#organization"},"potentialAction":[{"@type":"SearchAction","target":{"@type":"EntryPoint","urlTemplate":"https:\/\/conacado.com.do\/?s={search_term_string}"},"query-input":"required name=search_term_string"}],"inLanguage":"en-US"},{"@type":"Organization","@id":"https:\/\/conacado.com.do\/#organization","name":"CONACADO","url":"https:\/\/conacado.com.do\/","logo":{"@type":"ImageObject","inLanguage":"en-US","@id":"https:\/\/conacado.com.do\/#\/schema\/logo\/image\/","url":"https:\/\/conacado.com.do\/wp-content\/uploads\/2019\/08\/Logo-Conacado-1.png","contentUrl":"https:\/\/conacado.com.do\/wp-content\/uploads\/2019\/08\/Logo-Conacado-1.png","width":278,"height":283,"caption":"CONACADO"},"image":{"@id":"https:\/\/conacado.com.do\/#\/schema\/logo\/image\/"}}]}},"_links":{"self":[{"href":"https:\/\/conacado.com.do\/en\/wp-json\/wp\/v2\/pages\/1734"}],"collection":[{"href":"https:\/\/conacado.com.do\/en\/wp-json\/wp\/v2\/pages"}],"about":[{"href":"https:\/\/conacado.com.do\/en\/wp-json\/wp\/v2\/types\/page"}],"author":[{"embeddable":true,"href":"https:\/\/conacado.com.do\/en\/wp-json\/wp\/v2\/users\/1"}],"replies":[{"embeddable":true,"href":"https:\/\/conacado.com.do\/en\/wp-json\/wp\/v2\/comments?post=1734"}],"version-history":[{"count":2,"href":"https:\/\/conacado.com.do\/en\/wp-json\/wp\/v2\/pages\/1734\/revisions"}],"predecessor-version":[{"id":2587,"href":"https:\/\/conacado.com.do\/en\/wp-json\/wp\/v2\/pages\/1734\/revisions\/2587"}],"wp:attachment":[{"href":"https:\/\/conacado.com.do\/en\/wp-json\/wp\/v2\/media?parent=1734"}],"curies":[{"name":"wp","href":"https:\/\/api.w.org\/{rel}","templated":true}]}}