{"id":1696,"date":"2020-01-16T22:21:54","date_gmt":"2020-01-16T22:21:54","guid":{"rendered":"http:\/\/conacado.lov.do\/?page_id=1696"},"modified":"2020-01-28T15:01:17","modified_gmt":"2020-01-28T15:01:17","slug":"estadisticas","status":"publish","type":"page","link":"https:\/\/conacado.com.do\/en\/estadisticas\/","title":{"rendered":"Estadisticas"},"content":{"rendered":"<div data-elementor-type=\"wp-post\" data-elementor-id=\"1696\" class=\"elementor elementor-1696\" data-elementor-post-type=\"page\">\n\t\t\t\t\t\t<section class=\"elementor-section elementor-top-section elementor-element elementor-element-7ac9ca5 elementor-section-boxed elementor-section-height-default elementor-section-height-default\" data-id=\"7ac9ca5\" data-element_type=\"section\" data-e-type=\"section\" data-settings=\"{&quot;background_background&quot;:&quot;classic&quot;}\">\n\t\t\t\t\t\t\t<div class=\"elementor-background-overlay\"><\/div>\n\t\t\t\t\t\t\t<div class=\"elementor-container elementor-column-gap-default\">\n\t\t\t\t\t<div class=\"elementor-column elementor-col-33 elementor-top-column elementor-element elementor-element-fc40e94\" data-id=\"fc40e94\" data-element_type=\"column\" data-e-type=\"column\">\n\t\t\t<div class=\"elementor-widget-wrap\">\n\t\t\t\t\t\t\t<\/div>\n\t\t<\/div>\n\t\t\t\t<div class=\"elementor-column elementor-col-33 elementor-top-column elementor-element elementor-element-90988fe\" data-id=\"90988fe\" data-element_type=\"column\" data-e-type=\"column\">\n\t\t\t<div class=\"elementor-widget-wrap elementor-element-populated\">\n\t\t\t\t\t\t<div class=\"elementor-element elementor-element-11e7ef0 elementor-widget elementor-widget-icon-box\" data-id=\"11e7ef0\" data-element_type=\"widget\" data-e-type=\"widget\" data-widget_type=\"icon-box.default\">\n\t\t\t\t<div class=\"elementor-widget-container\">\n\t\t\t\t\t\t\t<div class=\"elementor-icon-box-wrapper\">\n\n\t\t\t\n\t\t\t\t\t\t<div class=\"elementor-icon-box-content\">\n\n\t\t\t\t\t\t\t\t\t<h1 class=\"elementor-icon-box-title\">\n\t\t\t\t\t\t<span  >\n\t\t\t\t\t\t\tSTATISTICS\t\t\t\t\t\t<\/span>\n\t\t\t\t\t<\/h1>\n\t\t\t\t\n\t\t\t\t\n\t\t\t<\/div>\n\t\t\t\n\t\t<\/div>\n\t\t\t\t\t\t<\/div>\n\t\t\t\t<\/div>\n\t\t\t\t\t<\/div>\n\t\t<\/div>\n\t\t\t\t<div class=\"elementor-column elementor-col-33 elementor-top-column elementor-element elementor-element-919f5c1\" data-id=\"919f5c1\" data-element_type=\"column\" data-e-type=\"column\">\n\t\t\t<div class=\"elementor-widget-wrap\">\n\t\t\t\t\t\t\t<\/div>\n\t\t<\/div>\n\t\t\t\t\t<\/div>\n\t\t<\/section>\n\t\t\t\t<section class=\"elementor-section elementor-top-section elementor-element elementor-element-ea315ad elementor-section-boxed elementor-section-height-default elementor-section-height-default\" data-id=\"ea315ad\" data-element_type=\"section\" data-e-type=\"section\">\n\t\t\t\t\t\t<div class=\"elementor-container elementor-column-gap-default\">\n\t\t\t\t\t<div class=\"elementor-column elementor-col-100 elementor-top-column elementor-element elementor-element-65c14da\" data-id=\"65c14da\" data-element_type=\"column\" data-e-type=\"column\">\n\t\t\t<div class=\"elementor-widget-wrap elementor-element-populated\">\n\t\t\t\t\t\t<div class=\"elementor-element elementor-element-596ec7a elementor-widget elementor-widget-spacer\" data-id=\"596ec7a\" data-element_type=\"widget\" data-e-type=\"widget\" data-widget_type=\"spacer.default\">\n\t\t\t\t<div class=\"elementor-widget-container\">\n\t\t\t\t\t\t\t<div class=\"elementor-spacer\">\n\t\t\t<div class=\"elementor-spacer-inner\"><\/div>\n\t\t<\/div>\n\t\t\t\t\t\t<\/div>\n\t\t\t\t<\/div>\n\t\t\t\t\t<\/div>\n\t\t<\/div>\n\t\t\t\t\t<\/div>\n\t\t<\/section>\n\t\t\t\t<section class=\"elementor-section elementor-top-section elementor-element elementor-element-33a08838 elementor-section-full_width elementor-section-height-min-height elementor-section-items-stretch elementor-section-content-middle elementor-section-height-default\" data-id=\"33a08838\" data-element_type=\"section\" data-e-type=\"section\" data-settings=\"{&quot;background_background&quot;:&quot;none&quot;}\">\n\t\t\t\t\t\t<div class=\"elementor-container elementor-column-gap-no\">\n\t\t\t\t\t<div class=\"elementor-column elementor-col-50 elementor-top-column elementor-element elementor-element-94e4a79\" data-id=\"94e4a79\" data-element_type=\"column\" data-e-type=\"column\" data-settings=\"{&quot;background_background&quot;:&quot;classic&quot;}\">\n\t\t\t<div class=\"elementor-widget-wrap elementor-element-populated\">\n\t\t\t\t\t\t<div class=\"elementor-element elementor-element-75ab47e4 elementor-position-left elementor-vertical-align-middle elementor-invisible elementor-widget elementor-widget-image-box\" data-id=\"75ab47e4\" data-element_type=\"widget\" data-e-type=\"widget\" data-settings=\"{&quot;_animation&quot;:&quot;fadeInRight&quot;}\" data-widget_type=\"image-box.default\">\n\t\t\t\t<div class=\"elementor-widget-container\">\n\t\t\t\t\t<div class=\"elementor-image-box-wrapper\"><figure class=\"elementor-image-box-img\"><img fetchpriority=\"high\" decoding=\"async\" width=\"2560\" height=\"1432\" src=\"https:\/\/conacado.com.do\/wp-content\/uploads\/2020\/01\/shutterstock_419539486-min-scaled.jpg\" class=\"attachment-full size-full wp-image-1944\" alt=\"\" srcset=\"https:\/\/conacado.com.do\/wp-content\/uploads\/2020\/01\/shutterstock_419539486-min-scaled.jpg 2560w, https:\/\/conacado.com.do\/wp-content\/uploads\/2020\/01\/shutterstock_419539486-min-300x168.jpg 300w, https:\/\/conacado.com.do\/wp-content\/uploads\/2020\/01\/shutterstock_419539486-min-1024x573.jpg 1024w, https:\/\/conacado.com.do\/wp-content\/uploads\/2020\/01\/shutterstock_419539486-min-768x430.jpg 768w, https:\/\/conacado.com.do\/wp-content\/uploads\/2020\/01\/shutterstock_419539486-min-1536x859.jpg 1536w, https:\/\/conacado.com.do\/wp-content\/uploads\/2020\/01\/shutterstock_419539486-min-2048x1145.jpg 2048w\" sizes=\"(max-width: 2560px) 100vw, 2560px\" \/><\/figure><div class=\"elementor-image-box-content\"><h3 class=\"elementor-image-box-title\">Impact and Contribution of CONACADO to the Dominican Economy<\/h3><p class=\"elementor-image-box-description\">At the beginning of this 21st century, the Dominican Republic is the 3rd largest producer and exporter of cocoa in America and the 8th. of the world. We increased our exports from an average 30,000 tons in the 70s \/ 80s, to 72,601 metric tons equivalent to US $\n195,242,559 for the 2018-19 vintage.\n97% is exported in Grain, 3% in Cocoa Derivatives is (cocoa butter, cocoa powder and \/ or cocoa, cake, liquor and chocolates) 42% Cocoa It is exported organic. \n<\/p><\/div><\/div>\t\t\t\t<\/div>\n\t\t\t\t<\/div>\n\t\t\t\t\t<\/div>\n\t\t<\/div>\n\t\t\t\t<div class=\"elementor-column elementor-col-50 elementor-top-column elementor-element elementor-element-20a5fca9\" data-id=\"20a5fca9\" data-element_type=\"column\" data-e-type=\"column\" data-settings=\"{&quot;background_background&quot;:&quot;none&quot;}\">\n\t\t\t<div class=\"elementor-widget-wrap\">\n\t\t\t\t\t\t\t<\/div>\n\t\t<\/div>\n\t\t\t\t\t<\/div>\n\t\t<\/section>\n\t\t\t\t<section class=\"elementor-section elementor-top-section elementor-element elementor-element-c91ce9a elementor-section-boxed elementor-section-height-default elementor-section-height-default\" data-id=\"c91ce9a\" data-element_type=\"section\" data-e-type=\"section\">\n\t\t\t\t\t\t<div class=\"elementor-container elementor-column-gap-default\">\n\t\t\t\t\t<div class=\"elementor-column elementor-col-100 elementor-top-column elementor-element elementor-element-211d97e0\" data-id=\"211d97e0\" data-element_type=\"column\" data-e-type=\"column\">\n\t\t\t<div class=\"elementor-widget-wrap elementor-element-populated\">\n\t\t\t\t\t\t<section class=\"elementor-section elementor-inner-section elementor-element elementor-element-b7550b8 elementor-section-boxed elementor-section-height-default elementor-section-height-default\" data-id=\"b7550b8\" data-element_type=\"section\" data-e-type=\"section\">\n\t\t\t\t\t\t<div class=\"elementor-container elementor-column-gap-default\">\n\t\t\t\t\t<div class=\"elementor-column elementor-col-50 elementor-inner-column elementor-element elementor-element-f379adc elementor-invisible\" data-id=\"f379adc\" data-element_type=\"column\" data-e-type=\"column\" data-settings=\"{&quot;animation&quot;:&quot;fadeInLeft&quot;}\">\n\t\t\t<div class=\"elementor-widget-wrap elementor-element-populated\">\n\t\t\t\t\t\t<div class=\"elementor-element elementor-element-15cc691 elementor-widget elementor-widget-heading\" data-id=\"15cc691\" data-element_type=\"widget\" data-e-type=\"widget\" data-widget_type=\"heading.default\">\n\t\t\t\t<div class=\"elementor-widget-container\">\n\t\t\t\t\t<h2 class=\"elementor-heading-title elementor-size-default\">National exports types of cocoa <\/h2>\t\t\t\t<\/div>\n\t\t\t\t<\/div>\n\t\t\t\t<div class=\"elementor-element elementor-element-10b58cd elementor-widget elementor-widget-text-editor\" data-id=\"10b58cd\" data-element_type=\"widget\" data-e-type=\"widget\" data-widget_type=\"text-editor.default\">\n\t\t\t\t<div class=\"elementor-widget-container\">\n\t\t\t\t\t\t\t\t\t<p>In general, exports of conventional and organic cocoa increased from 2012-13 to 2013-14. Thus, the conventional cocoa went from 38,322 to 42,559 metric tons and the organic one remained almost the same, that is, 25,262 and 25,415 tons for each harvest respectively.<\/p>\t\t\t\t\t\t\t\t<\/div>\n\t\t\t\t<\/div>\n\t\t\t\t\t<\/div>\n\t\t<\/div>\n\t\t\t\t<div class=\"elementor-column elementor-col-50 elementor-inner-column elementor-element elementor-element-0859c29 elementor-invisible\" data-id=\"0859c29\" data-element_type=\"column\" data-e-type=\"column\" data-settings=\"{&quot;animation&quot;:&quot;fadeInRight&quot;}\">\n\t\t\t<div class=\"elementor-widget-wrap elementor-element-populated\">\n\t\t\t\t\t\t<div class=\"elementor-element elementor-element-6e2a18d elementor-widget elementor-widget-image\" data-id=\"6e2a18d\" data-element_type=\"widget\" data-e-type=\"widget\" data-widget_type=\"image.default\">\n\t\t\t\t<div class=\"elementor-widget-container\">\n\t\t\t\t\t\t\t\t\t\t\t\t\t\t\t\t<a href=\"https:\/\/conacado.com.do\/wp-content\/uploads\/2020\/01\/GRAFICO.png\" data-elementor-open-lightbox=\"yes\" data-elementor-lightbox-title=\"GRAFICO\" data-e-action-hash=\"#elementor-action%3Aaction%3Dlightbox%26settings%3DeyJpZCI6MTkyMiwidXJsIjoiaHR0cHM6XC9cL2NvbmFjYWRvLmNvbS5kb1wvd3AtY29udGVudFwvdXBsb2Fkc1wvMjAyMFwvMDFcL0dSQUZJQ08ucG5nIn0%3D\">\n\t\t\t\t\t\t\t<img decoding=\"async\" width=\"873\" height=\"669\" src=\"https:\/\/conacado.com.do\/wp-content\/uploads\/2020\/01\/GRAFICO.png\" class=\"attachment-large size-large wp-image-1922\" alt=\"\" srcset=\"https:\/\/conacado.com.do\/wp-content\/uploads\/2020\/01\/GRAFICO.png 873w, https:\/\/conacado.com.do\/wp-content\/uploads\/2020\/01\/GRAFICO-300x230.png 300w, https:\/\/conacado.com.do\/wp-content\/uploads\/2020\/01\/GRAFICO-768x589.png 768w\" sizes=\"(max-width: 873px) 100vw, 873px\" \/>\t\t\t\t\t\t\t\t<\/a>\n\t\t\t\t\t\t\t\t\t\t\t\t\t\t\t<\/div>\n\t\t\t\t<\/div>\n\t\t\t\t\t<\/div>\n\t\t<\/div>\n\t\t\t\t\t<\/div>\n\t\t<\/section>\n\t\t\t\t\t<\/div>\n\t\t<\/div>\n\t\t\t\t\t<\/div>\n\t\t<\/section>\n\t\t\t\t<\/div>","protected":false},"excerpt":{"rendered":"<p>ESTAD\u00cdSTICAS Impacto y Aporte de CONACADO a la Econom\u00eda Dominicana Al inicio de este siglo XXI, la Rep\u00fablica Dominicana es el 3er pa\u00eds productor y exportador de cacao de Am\u00e9rica y el 8vo. del mundo. Aumentamos nuestras exportaciones de 30,000 toneladas promedio en las d\u00e9cadas 70\/80, a 72,601 toneladas m\u00e9tricas equivalentes a US$ 195,242,559 para [&hellip;]<\/p>","protected":false},"author":1,"featured_media":0,"parent":0,"menu_order":0,"comment_status":"closed","ping_status":"closed","template":"","meta":{"site-sidebar-layout":"no-sidebar","site-content-layout":"page-builder","ast-site-content-layout":"","site-content-style":"default","site-sidebar-style":"default","ast-global-header-display":"","ast-banner-title-visibility":"","ast-main-header-display":"","ast-hfb-above-header-display":"","ast-hfb-below-header-display":"","ast-hfb-mobile-header-display":"","site-post-title":"disabled","ast-breadcrumbs-content":"","ast-featured-img":"disabled","footer-sml-layout":"","theme-transparent-header-meta":"enabled","adv-header-id-meta":"","stick-header-meta":"default","header-above-stick-meta":"","header-main-stick-meta":"","header-below-stick-meta":"","astra-migrate-meta-layouts":"default","ast-page-background-enabled":"default","ast-page-background-meta":{"desktop":{"background-color":"var(--ast-global-color-4)","background-image":"","background-repeat":"repeat","background-position":"center center","background-size":"auto","background-attachment":"scroll","background-type":"","background-media":"","overlay-type":"","overlay-color":"","overlay-gradient":""},"tablet":{"background-color":"","background-image":"","background-repeat":"repeat","background-position":"center center","background-size":"auto","background-attachment":"scroll","background-type":"","background-media":"","overlay-type":"","overlay-color":"","overlay-gradient":""},"mobile":{"background-color":"","background-image":"","background-repeat":"repeat","background-position":"center center","background-size":"auto","background-attachment":"scroll","background-type":"","background-media":"","overlay-type":"","overlay-color":"","overlay-gradient":""}},"ast-content-background-meta":{"desktop":{"background-color":"var(--ast-global-color-5)","background-image":"","background-repeat":"repeat","background-position":"center center","background-size":"auto","background-attachment":"scroll","background-type":"","background-media":"","overlay-type":"","overlay-color":"","overlay-gradient":""},"tablet":{"background-color":"var(--ast-global-color-5)","background-image":"","background-repeat":"repeat","background-position":"center center","background-size":"auto","background-attachment":"scroll","background-type":"","background-media":"","overlay-type":"","overlay-color":"","overlay-gradient":""},"mobile":{"background-color":"var(--ast-global-color-5)","background-image":"","background-repeat":"repeat","background-position":"center center","background-size":"auto","background-attachment":"scroll","background-type":"","background-media":"","overlay-type":"","overlay-color":"","overlay-gradient":""}},"footnotes":""},"class_list":["post-1696","page","type-page","status-publish","hentry"],"yoast_head":"<!-- This site is optimized with the Yoast SEO plugin v22.6 - https:\/\/yoast.com\/wordpress\/plugins\/seo\/ -->\n<title>Estadisticas - CONACADO<\/title>\n<meta name=\"robots\" content=\"index, follow, max-snippet:-1, max-image-preview:large, max-video-preview:-1\" \/>\n<link rel=\"canonical\" href=\"https:\/\/conacado.com.do\/en\/estadisticas\/\" \/>\n<meta property=\"og:locale\" content=\"en_US\" \/>\n<meta property=\"og:type\" content=\"article\" \/>\n<meta property=\"og:title\" content=\"Estadisticas - CONACADO\" \/>\n<meta property=\"og:description\" content=\"ESTAD\u00cdSTICAS Impacto y Aporte de CONACADO a la Econom\u00eda Dominicana Al inicio de este siglo XXI, la Rep\u00fablica Dominicana es el 3er pa\u00eds productor y exportador de cacao de Am\u00e9rica y el 8vo. del mundo. Aumentamos nuestras exportaciones de 30,000 toneladas promedio en las d\u00e9cadas 70\/80, a 72,601 toneladas m\u00e9tricas equivalentes a US$ 195,242,559 para [&hellip;]\" \/>\n<meta property=\"og:url\" content=\"https:\/\/conacado.com.do\/en\/estadisticas\/\" \/>\n<meta property=\"og:site_name\" content=\"CONACADO\" \/>\n<meta property=\"article:modified_time\" content=\"2020-01-28T15:01:17+00:00\" \/>\n<meta property=\"og:image\" content=\"https:\/\/conacado.com.do\/wp-content\/uploads\/2020\/01\/shutterstock_419539486-min-scaled.jpg\" \/>\n<meta name=\"twitter:card\" content=\"summary_large_image\" \/>\n<meta name=\"twitter:label1\" content=\"Est. reading time\" \/>\n\t<meta name=\"twitter:data1\" content=\"1 minute\" \/>\n<script type=\"application\/ld+json\" class=\"yoast-schema-graph\">{\"@context\":\"https:\/\/schema.org\",\"@graph\":[{\"@type\":\"WebPage\",\"@id\":\"https:\/\/conacado.com.do\/estadisticas\/\",\"url\":\"https:\/\/conacado.com.do\/estadisticas\/\",\"name\":\"Estadisticas - CONACADO\",\"isPartOf\":{\"@id\":\"https:\/\/conacado.com.do\/#website\"},\"primaryImageOfPage\":{\"@id\":\"https:\/\/conacado.com.do\/estadisticas\/#primaryimage\"},\"image\":{\"@id\":\"https:\/\/conacado.com.do\/estadisticas\/#primaryimage\"},\"thumbnailUrl\":\"https:\/\/conacado.com.do\/wp-content\/uploads\/2020\/01\/shutterstock_419539486-min-scaled.jpg\",\"datePublished\":\"2020-01-16T22:21:54+00:00\",\"dateModified\":\"2020-01-28T15:01:17+00:00\",\"breadcrumb\":{\"@id\":\"https:\/\/conacado.com.do\/estadisticas\/#breadcrumb\"},\"inLanguage\":\"en-US\",\"potentialAction\":[{\"@type\":\"ReadAction\",\"target\":[\"https:\/\/conacado.com.do\/estadisticas\/\"]}]},{\"@type\":\"ImageObject\",\"inLanguage\":\"en-US\",\"@id\":\"https:\/\/conacado.com.do\/estadisticas\/#primaryimage\",\"url\":\"https:\/\/conacado.com.do\/wp-content\/uploads\/2020\/01\/shutterstock_419539486-min-scaled.jpg\",\"contentUrl\":\"https:\/\/conacado.com.do\/wp-content\/uploads\/2020\/01\/shutterstock_419539486-min-scaled.jpg\"},{\"@type\":\"BreadcrumbList\",\"@id\":\"https:\/\/conacado.com.do\/estadisticas\/#breadcrumb\",\"itemListElement\":[{\"@type\":\"ListItem\",\"position\":1,\"name\":\"Portada\",\"item\":\"https:\/\/conacado.com.do\/\"},{\"@type\":\"ListItem\",\"position\":2,\"name\":\"Estadisticas\"}]},{\"@type\":\"WebSite\",\"@id\":\"https:\/\/conacado.com.do\/#website\",\"url\":\"https:\/\/conacado.com.do\/\",\"name\":\"CONACADO\",\"description\":\"Conacado\",\"publisher\":{\"@id\":\"https:\/\/conacado.com.do\/#organization\"},\"potentialAction\":[{\"@type\":\"SearchAction\",\"target\":{\"@type\":\"EntryPoint\",\"urlTemplate\":\"https:\/\/conacado.com.do\/?s={search_term_string}\"},\"query-input\":\"required name=search_term_string\"}],\"inLanguage\":\"en-US\"},{\"@type\":\"Organization\",\"@id\":\"https:\/\/conacado.com.do\/#organization\",\"name\":\"CONACADO\",\"url\":\"https:\/\/conacado.com.do\/\",\"logo\":{\"@type\":\"ImageObject\",\"inLanguage\":\"en-US\",\"@id\":\"https:\/\/conacado.com.do\/#\/schema\/logo\/image\/\",\"url\":\"https:\/\/conacado.com.do\/wp-content\/uploads\/2019\/08\/Logo-Conacado-1.png\",\"contentUrl\":\"https:\/\/conacado.com.do\/wp-content\/uploads\/2019\/08\/Logo-Conacado-1.png\",\"width\":278,\"height\":283,\"caption\":\"CONACADO\"},\"image\":{\"@id\":\"https:\/\/conacado.com.do\/#\/schema\/logo\/image\/\"}}]}<\/script>\n<!-- \/ Yoast SEO plugin. -->","yoast_head_json":{"title":"Estadisticas - CONACADO","robots":{"index":"index","follow":"follow","max-snippet":"max-snippet:-1","max-image-preview":"max-image-preview:large","max-video-preview":"max-video-preview:-1"},"canonical":"https:\/\/conacado.com.do\/en\/estadisticas\/","og_locale":"en_US","og_type":"article","og_title":"Estadisticas - CONACADO","og_description":"ESTAD\u00cdSTICAS Impacto y Aporte de CONACADO a la Econom\u00eda Dominicana Al inicio de este siglo XXI, la Rep\u00fablica Dominicana es el 3er pa\u00eds productor y exportador de cacao de Am\u00e9rica y el 8vo. del mundo. Aumentamos nuestras exportaciones de 30,000 toneladas promedio en las d\u00e9cadas 70\/80, a 72,601 toneladas m\u00e9tricas equivalentes a US$ 195,242,559 para [&hellip;]","og_url":"https:\/\/conacado.com.do\/en\/estadisticas\/","og_site_name":"CONACADO","article_modified_time":"2020-01-28T15:01:17+00:00","og_image":[{"url":"https:\/\/conacado.com.do\/wp-content\/uploads\/2020\/01\/shutterstock_419539486-min-scaled.jpg"}],"twitter_card":"summary_large_image","twitter_misc":{"Est. reading time":"1 minute"},"schema":{"@context":"https:\/\/schema.org","@graph":[{"@type":"WebPage","@id":"https:\/\/conacado.com.do\/estadisticas\/","url":"https:\/\/conacado.com.do\/estadisticas\/","name":"Estadisticas - CONACADO","isPartOf":{"@id":"https:\/\/conacado.com.do\/#website"},"primaryImageOfPage":{"@id":"https:\/\/conacado.com.do\/estadisticas\/#primaryimage"},"image":{"@id":"https:\/\/conacado.com.do\/estadisticas\/#primaryimage"},"thumbnailUrl":"https:\/\/conacado.com.do\/wp-content\/uploads\/2020\/01\/shutterstock_419539486-min-scaled.jpg","datePublished":"2020-01-16T22:21:54+00:00","dateModified":"2020-01-28T15:01:17+00:00","breadcrumb":{"@id":"https:\/\/conacado.com.do\/estadisticas\/#breadcrumb"},"inLanguage":"en-US","potentialAction":[{"@type":"ReadAction","target":["https:\/\/conacado.com.do\/estadisticas\/"]}]},{"@type":"ImageObject","inLanguage":"en-US","@id":"https:\/\/conacado.com.do\/estadisticas\/#primaryimage","url":"https:\/\/conacado.com.do\/wp-content\/uploads\/2020\/01\/shutterstock_419539486-min-scaled.jpg","contentUrl":"https:\/\/conacado.com.do\/wp-content\/uploads\/2020\/01\/shutterstock_419539486-min-scaled.jpg"},{"@type":"BreadcrumbList","@id":"https:\/\/conacado.com.do\/estadisticas\/#breadcrumb","itemListElement":[{"@type":"ListItem","position":1,"name":"Portada","item":"https:\/\/conacado.com.do\/"},{"@type":"ListItem","position":2,"name":"Estadisticas"}]},{"@type":"WebSite","@id":"https:\/\/conacado.com.do\/#website","url":"https:\/\/conacado.com.do\/","name":"CONACADO","description":"Conacado","publisher":{"@id":"https:\/\/conacado.com.do\/#organization"},"potentialAction":[{"@type":"SearchAction","target":{"@type":"EntryPoint","urlTemplate":"https:\/\/conacado.com.do\/?s={search_term_string}"},"query-input":"required name=search_term_string"}],"inLanguage":"en-US"},{"@type":"Organization","@id":"https:\/\/conacado.com.do\/#organization","name":"CONACADO","url":"https:\/\/conacado.com.do\/","logo":{"@type":"ImageObject","inLanguage":"en-US","@id":"https:\/\/conacado.com.do\/#\/schema\/logo\/image\/","url":"https:\/\/conacado.com.do\/wp-content\/uploads\/2019\/08\/Logo-Conacado-1.png","contentUrl":"https:\/\/conacado.com.do\/wp-content\/uploads\/2019\/08\/Logo-Conacado-1.png","width":278,"height":283,"caption":"CONACADO"},"image":{"@id":"https:\/\/conacado.com.do\/#\/schema\/logo\/image\/"}}]}},"_links":{"self":[{"href":"https:\/\/conacado.com.do\/en\/wp-json\/wp\/v2\/pages\/1696"}],"collection":[{"href":"https:\/\/conacado.com.do\/en\/wp-json\/wp\/v2\/pages"}],"about":[{"href":"https:\/\/conacado.com.do\/en\/wp-json\/wp\/v2\/types\/page"}],"author":[{"embeddable":true,"href":"https:\/\/conacado.com.do\/en\/wp-json\/wp\/v2\/users\/1"}],"replies":[{"embeddable":true,"href":"https:\/\/conacado.com.do\/en\/wp-json\/wp\/v2\/comments?post=1696"}],"version-history":[{"count":0,"href":"https:\/\/conacado.com.do\/en\/wp-json\/wp\/v2\/pages\/1696\/revisions"}],"wp:attachment":[{"href":"https:\/\/conacado.com.do\/en\/wp-json\/wp\/v2\/media?parent=1696"}],"curies":[{"name":"wp","href":"https:\/\/api.w.org\/{rel}","templated":true}]}}